{"id":136,"date":"2020-06-24T20:42:01","date_gmt":"2020-06-24T20:42:01","guid":{"rendered":"http:\/\/consto.themezinho.net\/?page_id=136"},"modified":"2022-02-20T22:23:56","modified_gmt":"2022-02-20T19:23:56","slug":"contact-us","status":"publish","type":"page","link":"https:\/\/korinthmarble.com\/en\/contact-us\/","title":{"rendered":"Contact Us"},"content":{"rendered":"<section class=\"content-section\" ><div class=\"container\"><div class=\"vc_row wpb_row vc_row-fluid\"><div class=\"wpb_column vc_column_container vc_col-sm-6 vc_col-md-4\"><div class=\"vc_column-inner\"><div class=\"wpb_wrapper\">\n\n\n<div class=\"contact-box \" >\n  <figure> <img src=\"https:\/\/korinthmarble.com\/en\/wp-content\/uploads\/2020\/06\/icon-global.png\" alt=\"icon-global\"> <\/figure>\n    <h6>Our Location<\/h6>\n    <p>Alt\u0131nova D\u00fcden, Alt\u0131nova Cd. No: 55, 07170 Kepez\/Antalya<br \/>\nKorinth Mermer Tasar\u0131m San. ve Tic. Ltd. \u015eti.<\/p> <\/div>\n<\/div><\/div><\/div><div class=\"wpb_column vc_column_container vc_col-sm-6 vc_col-md-4\"><div class=\"vc_column-inner\"><div class=\"wpb_wrapper\">\n\n\n<div class=\"contact-box \" >\n  <figure> <img src=\"https:\/\/korinthmarble.com\/en\/wp-content\/uploads\/2020\/06\/icon-phone.png\" alt=\"icon-phone\"> <\/figure>\n    <h6>Mobile<\/h6>\n    <p>+90 546 938 6261<\/p> <\/div>\n<\/div><\/div><\/div><div class=\"wpb_column vc_column_container vc_col-sm-6 vc_col-md-4\"><div class=\"vc_column-inner\"><div class=\"wpb_wrapper\">\n\n\n<div class=\"contact-box \" >\n  <figure> <img src=\"https:\/\/korinthmarble.com\/en\/wp-content\/uploads\/2020\/06\/icon-email.png\" alt=\"icon-email\"> <\/figure>\n    <h6>Mail<\/h6>\n    <p>info@korinthmarble.com<\/p> <\/div>\n<\/div><\/div><\/div><\/div><\/div><\/section><section class=\"content-section no-spacing\" ><div class=\"container\"><div class=\"vc_row wpb_row vc_row-fluid\"><div class=\"wpb_column vc_column_container vc_col-sm-12\"><div class=\"vc_column-inner\"><div class=\"wpb_wrapper\"><div class=\"vc_row wpb_row vc_inner vc_row-fluid\"><div class=\"wpb_column vc_column_container vc_col-sm-12 vc_col-md-6\"><div class=\"vc_column-inner\"><div class=\"wpb_wrapper\"><div class=\"section-title   text-left  \" >\n    <h6> Find Us <\/h6>\n      <h2>Our address location<\/h2>\n  <\/div>\n<\/div><\/div><\/div><div class=\"wpb_column vc_column_container vc_col-sm-12 vc_col-md-6\"><div class=\"vc_column-inner\"><div class=\"wpb_wrapper\"><div role=\"form\" class=\"wpcf7\" id=\"wpcf7-f380-o1\" lang=\"en-US\" dir=\"ltr\">\n<div class=\"screen-reader-response\"><p role=\"status\" aria-live=\"polite\" aria-atomic=\"true\"><\/p> <ul><\/ul><\/div>\n<form action=\"\/en\/wp-json\/wp\/v2\/pages\/136#wpcf7-f380-o1\" method=\"post\" class=\"wpcf7-form init\" novalidate=\"novalidate\" data-status=\"init\">\n<div style=\"display: none;\">\n<input type=\"hidden\" name=\"_wpcf7\" value=\"380\" \/>\n<input type=\"hidden\" name=\"_wpcf7_version\" value=\"5.5.6\" \/>\n<input type=\"hidden\" name=\"_wpcf7_locale\" value=\"en_US\" \/>\n<input type=\"hidden\" name=\"_wpcf7_unit_tag\" value=\"wpcf7-f380-o1\" \/>\n<input type=\"hidden\" name=\"_wpcf7_container_post\" value=\"0\" \/>\n<input type=\"hidden\" name=\"_wpcf7_posted_data_hash\" value=\"\" \/>\n<\/div>\n<div class=\"contact-form\">\n<div class=\"form-group\">\n<span>Your name<\/span><br \/>\n\t\t \t<span class=\"wpcf7-form-control-wrap ad\"><input type=\"text\" name=\"ad\" value=\"\" size=\"40\" class=\"wpcf7-form-control wpcf7-text wpcf7-validates-as-required\" aria-required=\"true\" aria-invalid=\"false\" \/><\/span><\/p>\n<\/div>\n<p>\t\t <!-- end form-group --><\/p>\n<div class=\"form-group\">\n<span>E-Mail Address<\/span><br \/>\n\t\t <span class=\"wpcf7-form-control-wrap eposta\"><input type=\"email\" name=\"eposta\" value=\"\" size=\"40\" class=\"wpcf7-form-control wpcf7-text wpcf7-email wpcf7-validates-as-required wpcf7-validates-as-email\" aria-required=\"true\" aria-invalid=\"false\" \/><\/span><\/p>\n<\/div>\n<p>\t\t <!-- end form-group --><\/p>\n<div class=\"form-group\">\n \t<span>Subject<\/span><br \/>\n\t\t \t<span class=\"wpcf7-form-control-wrap konu\"><input type=\"text\" name=\"konu\" value=\"\" size=\"40\" class=\"wpcf7-form-control wpcf7-text wpcf7-validates-as-required\" aria-required=\"true\" aria-invalid=\"false\" \/><\/span><\/p>\n<\/div>\n<p>\t\t <!-- end form-group --><\/p>\n<div class=\"form-group\">\n\t\t \t<span>Your message<\/span><br \/>\n\t\t\t<span class=\"wpcf7-form-control-wrap mesaj\"><textarea name=\"mesaj\" cols=\"40\" rows=\"10\" class=\"wpcf7-form-control wpcf7-textarea wpcf7-validates-as-required\" aria-required=\"true\" aria-invalid=\"false\"><\/textarea><\/span>\n\t\t <\/div>\n<p>\t\t <!-- end form-group --><\/p>\n<div class=\"form-group\">\n\t\t \t<input type=\"submit\" value=\"Submit Now\" class=\"wpcf7-form-control has-spinner wpcf7-submit\" \/>\n\t\t <\/div>\n<p>\t\t <!-- end form-group -->\n\t\t  <\/div>\n<div class=\"wpcf7-response-output\" aria-hidden=\"true\"><\/div><\/form><\/div><\/div><\/div><\/div><\/div><\/div><\/div><\/div><\/div><\/div><\/section><section class=\"content-section no-spacing\" ><div class=\"vc_row wpb_row vc_row-fluid vc_custom_1593182392929\"><div class=\"wpb_column vc_column_container vc_col-sm-12\"><div class=\"vc_column-inner vc_custom_1593182414164\"><div class=\"wpb_wrapper\">            <div class=\"google-maps \" >\n\t\t\t\t\n\t\t\t\n                <iframe src=\"https:\/\/www.google.com\/maps\/embed?pb=!1m18!1m12!1m3!1d3189.3838635401216!2d30.760332415293476!3d36.92899337992211!2m3!1f0!2f0!3f0!3m2!1i1024!2i768!4f13.1!3m3!1m2!1s0x14c3856889e75a77%3A0x7b0146b64dfb40a9!2sKorinth%20Mermer%20Tasar%C4%B1m%20San.%20ve%20Tic.%20Ltd.%20%C5%9Eti.!5e0!3m2!1str!2str!4v1641420333854!5m2!1str!2str\" width=\"100%\" height=\"520\" frameborder=\"0\" style=\"border:0\" allowfullscreen><\/iframe>\n            <\/div>\n\n\t\t\t<\/div><\/div><\/div><\/div><\/section>\n","protected":false},"excerpt":{"rendered":"Our Location Alt\u0131nova D\u00fcden, Alt\u0131nova Cd. No: 55, 07170 Kepez\/Antalya Korinth Mermer Tasar\u0131m San. ve Tic. Ltd. \u015eti. Mobile +90 546 938 6261 Mail info@korinthmarble.com Find Us Our address location Your name E-Mail Address Subject Your message","protected":false},"author":1,"featured_media":0,"parent":0,"menu_order":0,"comment_status":"closed","ping_status":"closed","template":"page-builder.php","meta":{"_mi_skip_tracking":false,"footnotes":"","_vp_format_video_url":"","_vp_image_focal_point":[]},"_links":{"self":[{"href":"https:\/\/korinthmarble.com\/en\/wp-json\/wp\/v2\/pages\/136"}],"collection":[{"href":"https:\/\/korinthmarble.com\/en\/wp-json\/wp\/v2\/pages"}],"about":[{"href":"https:\/\/korinthmarble.com\/en\/wp-json\/wp\/v2\/types\/page"}],"author":[{"embeddable":true,"href":"https:\/\/korinthmarble.com\/en\/wp-json\/wp\/v2\/users\/1"}],"replies":[{"embeddable":true,"href":"https:\/\/korinthmarble.com\/en\/wp-json\/wp\/v2\/comments?post=136"}],"version-history":[{"count":10,"href":"https:\/\/korinthmarble.com\/en\/wp-json\/wp\/v2\/pages\/136\/revisions"}],"predecessor-version":[{"id":933,"href":"https:\/\/korinthmarble.com\/en\/wp-json\/wp\/v2\/pages\/136\/revisions\/933"}],"wp:attachment":[{"href":"https:\/\/korinthmarble.com\/en\/wp-json\/wp\/v2\/media?parent=136"}],"curies":[{"name":"wp","href":"https:\/\/api.w.org\/{rel}","templated":true}]}}